{"id":82,"date":"2020-07-01T16:11:48","date_gmt":"2020-07-01T14:11:48","guid":{"rendered":"http:\/\/localhost\/dbs-steinfeld\/?page_id=82"},"modified":"2025-01-31T16:09:28","modified_gmt":"2025-01-31T15:09:28","slug":"namenspatron","status":"publish","type":"page","link":"https:\/\/dbs-steinfeld.de\/?page_id=82","title":{"rendered":"Namenspatron"},"content":{"rendered":"\t\t<div data-elementor-type=\"wp-page\" data-elementor-id=\"82\" class=\"elementor elementor-82\">\n\t\t\t\t\t\t<section class=\"elementor-section elementor-top-section elementor-element elementor-element-4fc39f4 elementor-section-boxed elementor-section-height-default elementor-section-height-default\" data-id=\"4fc39f4\" data-element_type=\"section\" data-e-type=\"section\">\n\t\t\t\t\t\t<div class=\"elementor-container elementor-column-gap-default\">\n\t\t\t\t\t<div class=\"elementor-column elementor-col-100 elementor-top-column elementor-element elementor-element-28d6174\" data-id=\"28d6174\" data-element_type=\"column\" data-e-type=\"column\">\n\t\t\t<div class=\"elementor-widget-wrap elementor-element-populated\">\n\t\t\t\t\t\t<div class=\"elementor-element elementor-element-0d474bd elementor-widget elementor-widget-heading\" data-id=\"0d474bd\" data-element_type=\"widget\" data-e-type=\"widget\" data-widget_type=\"heading.default\">\n\t\t\t\t<div class=\"elementor-widget-container\">\n\t\t\t\t\t<h2 class=\"elementor-heading-title elementor-size-default\">Namenspatron Don Bosco<\/h2>\t\t\t\t<\/div>\n\t\t\t\t<\/div>\n\t\t\t\t\t<\/div>\n\t\t<\/div>\n\t\t\t\t\t<\/div>\n\t\t<\/section>\n\t\t\t\t<section class=\"elementor-section elementor-top-section elementor-element elementor-element-87ee76d elementor-section-boxed elementor-section-height-default elementor-section-height-default\" data-id=\"87ee76d\" data-element_type=\"section\" data-e-type=\"section\">\n\t\t\t\t\t\t<div class=\"elementor-container elementor-column-gap-default\">\n\t\t\t\t\t<div class=\"elementor-column elementor-col-100 elementor-top-column elementor-element elementor-element-9c9750f\" data-id=\"9c9750f\" data-element_type=\"column\" data-e-type=\"column\">\n\t\t\t<div class=\"elementor-widget-wrap elementor-element-populated\">\n\t\t\t\t\t\t<div class=\"elementor-element elementor-element-e7c41be elementor-widget-divider--view-line elementor-widget elementor-widget-divider\" data-id=\"e7c41be\" data-element_type=\"widget\" data-e-type=\"widget\" data-widget_type=\"divider.default\">\n\t\t\t\t<div class=\"elementor-widget-container\">\n\t\t\t\t\t\t\t<div class=\"elementor-divider\">\n\t\t\t<span class=\"elementor-divider-separator\">\n\t\t\t\t\t\t<\/span>\n\t\t<\/div>\n\t\t\t\t\t\t<\/div>\n\t\t\t\t<\/div>\n\t\t\t\t\t<\/div>\n\t\t<\/div>\n\t\t\t\t\t<\/div>\n\t\t<\/section>\n\t\t\t\t<section class=\"elementor-section elementor-top-section elementor-element elementor-element-223e12f elementor-section-boxed elementor-section-height-default elementor-section-height-default\" data-id=\"223e12f\" data-element_type=\"section\" data-e-type=\"section\">\n\t\t\t\t\t\t<div class=\"elementor-container elementor-column-gap-default\">\n\t\t\t\t\t<div class=\"elementor-column elementor-col-100 elementor-top-column elementor-element elementor-element-9e4f575\" data-id=\"9e4f575\" data-element_type=\"column\" data-e-type=\"column\">\n\t\t\t<div class=\"elementor-widget-wrap elementor-element-populated\">\n\t\t\t\t\t\t<div class=\"elementor-element elementor-element-b3b2af8 elementor-widget elementor-widget-image\" data-id=\"b3b2af8\" data-element_type=\"widget\" data-e-type=\"widget\" data-widget_type=\"image.default\">\n\t\t\t\t<div class=\"elementor-widget-container\">\n\t\t\t\t\t\t\t\t\t\t\t\t<figure class=\"wp-caption\">\n\t\t\t\t\t\t\t\t\t\t<img fetchpriority=\"high\" decoding=\"async\" width=\"768\" height=\"1009\" src=\"https:\/\/dbs-steinfeld.de\/wp-content\/uploads\/2024\/10\/DonBosco_Popart-768x1009.jpeg\" class=\"attachment-medium_large size-medium_large wp-image-2692\" alt=\"\" srcset=\"https:\/\/dbs-steinfeld.de\/wp-content\/uploads\/2024\/10\/DonBosco_Popart-768x1009.jpeg 768w, https:\/\/dbs-steinfeld.de\/wp-content\/uploads\/2024\/10\/DonBosco_Popart-228x300.jpeg 228w, https:\/\/dbs-steinfeld.de\/wp-content\/uploads\/2024\/10\/DonBosco_Popart-779x1024.jpeg 779w, https:\/\/dbs-steinfeld.de\/wp-content\/uploads\/2024\/10\/DonBosco_Popart-1169x1536.jpeg 1169w, https:\/\/dbs-steinfeld.de\/wp-content\/uploads\/2024\/10\/DonBosco_Popart-1559x2048.jpeg 1559w, https:\/\/dbs-steinfeld.de\/wp-content\/uploads\/2024\/10\/DonBosco_Popart.jpeg 1946w\" sizes=\"(max-width: 768px) 100vw, 768px\" \/>\t\t\t\t\t\t\t\t\t\t\t<figcaption class=\"widget-image-caption wp-caption-text\">Popart von Giovanni Don Bosco (Sch\u00fclerin, Kunstunterricht)<\/figcaption>\n\t\t\t\t\t\t\t\t\t\t<\/figure>\n\t\t\t\t\t\t\t\t\t<\/div>\n\t\t\t\t<\/div>\n\t\t\t\t\t<\/div>\n\t\t<\/div>\n\t\t\t\t\t<\/div>\n\t\t<\/section>\n\t\t\t\t<section class=\"elementor-section elementor-top-section elementor-element elementor-element-5d3ae3c elementor-section-boxed elementor-section-height-default elementor-section-height-default\" data-id=\"5d3ae3c\" data-element_type=\"section\" data-e-type=\"section\">\n\t\t\t\t\t\t<div class=\"elementor-container elementor-column-gap-default\">\n\t\t\t\t\t<div class=\"elementor-column elementor-col-100 elementor-top-column elementor-element elementor-element-ba51cc8\" data-id=\"ba51cc8\" data-element_type=\"column\" data-e-type=\"column\">\n\t\t\t<div class=\"elementor-widget-wrap elementor-element-populated\">\n\t\t\t\t\t\t<div class=\"elementor-element elementor-element-7f59a51 elementor-widget elementor-widget-spacer\" data-id=\"7f59a51\" data-element_type=\"widget\" data-e-type=\"widget\" data-widget_type=\"spacer.default\">\n\t\t\t\t<div class=\"elementor-widget-container\">\n\t\t\t\t\t\t\t<div class=\"elementor-spacer\">\n\t\t\t<div class=\"elementor-spacer-inner\"><\/div>\n\t\t<\/div>\n\t\t\t\t\t\t<\/div>\n\t\t\t\t<\/div>\n\t\t\t\t\t<\/div>\n\t\t<\/div>\n\t\t\t\t\t<\/div>\n\t\t<\/section>\n\t\t\t\t<section class=\"elementor-section elementor-top-section elementor-element elementor-element-5570709 elementor-section-boxed elementor-section-height-default elementor-section-height-default\" data-id=\"5570709\" data-element_type=\"section\" data-e-type=\"section\">\n\t\t\t\t\t\t<div class=\"elementor-container elementor-column-gap-default\">\n\t\t\t\t\t<div class=\"elementor-column elementor-col-100 elementor-top-column elementor-element elementor-element-ff00e2e\" data-id=\"ff00e2e\" data-element_type=\"column\" data-e-type=\"column\">\n\t\t\t<div class=\"elementor-widget-wrap elementor-element-populated\">\n\t\t\t\t\t\t<div class=\"elementor-element elementor-element-80a7968 elementor-widget elementor-widget-text-editor\" data-id=\"80a7968\" data-element_type=\"widget\" data-e-type=\"widget\" data-widget_type=\"text-editor.default\">\n\t\t\t\t<div class=\"elementor-widget-container\">\n\t\t\t\t\t\t\t\t\t<p style=\"font-weight: 400;\">Am 16. August 1815 kommt Giovanni Bosco in der N\u00e4he von Turin in der norditalienischen Region Piemont zur Welt. Seine Familie ist arm und lebt auf dem Land. Schon als Kind muss er zusammen mit seinen Br\u00fcdern auf dem Feld mithelfen.\u00a0Da ihm ein befreundeter Pfarrer Lesen und Schreiben beibringt, kann er sp\u00e4ter auf ein Gymnasium gehen.<\/p><p style=\"font-weight: 400;\">Nach dem Abitur besucht er ein Priesterseminar und wird 1841 zum katholischen Priester geweiht. Im Rahmen einer Ausbildung als Seelsorger besucht er die Arbeiterviertel, Krankenh\u00e4user und Jugendgef\u00e4ngnisse. Giovanni \u201eDon\u201c Bosco stellt fest, dass vermehrt Jugendliche auf den Stra\u00dfen Turins leben, schlafen und betteln m\u00fcssen, um zu \u00fcberleben. Er beschlie\u00dft, den jungen Menschen zu helfen.<\/p><p style=\"font-weight: 400;\">Regelm\u00e4\u00dfig trifft er sich mit den Stra\u00dfenkindern, musiziert und spielt mit ihnen. Zus\u00e4tzlich gibt er den Jugendlichen Unterricht. Diese Mischung aus Schule, Spa\u00df und Seelsorge spricht sich schnell herum, sodass Giovanni Don Bosco hunderte Jungen versammelt.<\/p><p style=\"font-weight: 400;\">In einem Vorort von Turin pachtet er Land und errichtet ein Haus f\u00fcr die Stra\u00dfenkinder. Zuerst gibt es dort eine Schule, Kirche und einen Spielplatz (das \u201eOratorium\u201c), sp\u00e4ter kommen ein Wohnheim und eine Abendschule, Gymnasium und eine Gewerbeschule dazu. Nach dem Vorbild des \u201eOratoriums\u201c bilden sich auch weitere Pl\u00e4tze au\u00dferhalb Turins. \u00dcber Missionare entstehen Hilfsprojekte f\u00fcr Jugendliche zuerst in Lateinamerika, dann weltweit.<\/p><p style=\"font-weight: 400;\">Damit seine Arbeit auch nach seinem Tod fortgef\u00fchrt wird, gr\u00fcnden sich die Don Bosco-Schwestern und der Orden der Salesianer Don Boscos 1859.<\/p><p style=\"font-weight: 400;\">Nach seinem Tod wird Giovanni Don Bosco 1934 heiliggesprochen und seitdem als Patron der Jugend verehrt.<\/p><p style=\"font-weight: 400;\">(<em>Vgl. https:\/\/www.donboscomission.de\/wer-wir-sind\/don-bosco\/giovanni-bosco, letzter Zugriff: 01.10.2024, 16:16 Uhr<\/em>.)<\/p>\t\t\t\t\t\t\t\t<\/div>\n\t\t\t\t<\/div>\n\t\t\t\t\t<\/div>\n\t\t<\/div>\n\t\t\t\t\t<\/div>\n\t\t<\/section>\n\t\t\t\t<\/div>\n\t\t","protected":false},"excerpt":{"rendered":"<p>Namenspatron Don Bosco Popart von Giovanni Don Bosco (Sch\u00fclerin, Kunstunterricht) Am 16. August 1815 kommt Giovanni Bosco in der N\u00e4he von Turin in der norditalienischen Region Piemont zur Welt. Seine Familie ist arm und lebt auf dem Land. Schon als Kind muss er zusammen mit seinen Br\u00fcdern auf dem Feld mithelfen.\u00a0Da ihm ein befreundeter Pfarrer [&hellip;]<\/p>\n","protected":false},"author":1,"featured_media":0,"parent":0,"menu_order":0,"comment_status":"closed","ping_status":"closed","template":"","meta":{"footnotes":""},"class_list":["post-82","page","type-page","status-publish","hentry","entry"],"_links":{"self":[{"href":"https:\/\/dbs-steinfeld.de\/index.php?rest_route=\/wp\/v2\/pages\/82","targetHints":{"allow":["GET"]}}],"collection":[{"href":"https:\/\/dbs-steinfeld.de\/index.php?rest_route=\/wp\/v2\/pages"}],"about":[{"href":"https:\/\/dbs-steinfeld.de\/index.php?rest_route=\/wp\/v2\/types\/page"}],"author":[{"embeddable":true,"href":"https:\/\/dbs-steinfeld.de\/index.php?rest_route=\/wp\/v2\/users\/1"}],"replies":[{"embeddable":true,"href":"https:\/\/dbs-steinfeld.de\/index.php?rest_route=%2Fwp%2Fv2%2Fcomments&post=82"}],"version-history":[{"count":14,"href":"https:\/\/dbs-steinfeld.de\/index.php?rest_route=\/wp\/v2\/pages\/82\/revisions"}],"predecessor-version":[{"id":2956,"href":"https:\/\/dbs-steinfeld.de\/index.php?rest_route=\/wp\/v2\/pages\/82\/revisions\/2956"}],"wp:attachment":[{"href":"https:\/\/dbs-steinfeld.de\/index.php?rest_route=%2Fwp%2Fv2%2Fmedia&parent=82"}],"curies":[{"name":"wp","href":"https:\/\/api.w.org\/{rel}","templated":true}]}}