{"id":72,"date":"2020-07-01T16:10:11","date_gmt":"2020-07-01T14:10:11","guid":{"rendered":"http:\/\/localhost\/dbs-steinfeld\/?page_id=72"},"modified":"2021-02-24T14:18:45","modified_gmt":"2021-02-24T13:18:45","slug":"austauschschulen","status":"publish","type":"page","link":"https:\/\/dbs-steinfeld.de\/?page_id=72","title":{"rendered":"Austauschschulen"},"content":{"rendered":"<style>.wp-show-posts-columns#wpsp-749 {margin-left: -2em; }.wp-show-posts-columns#wpsp-749 .wp-show-posts-inner {margin: 0 0 2em 2em; }<\/style><section id=\"wpsp-749\" class=\" wp-show-posts\" style=\"\"><article class=\" wp-show-posts-single wpsp-clearfix post-632 post type-post status-publish format-standard has-post-thumbnail hentry category-allgemein tag-austausch-frankreich entry has-media\" itemtype=\"http:\/\/schema.org\/CreativeWork\" itemscope><div class=\"wp-show-posts-inner\" style=\"\">\t\t\t\t\t\t<div class=\"wp-show-posts-entry-summary\" itemprop=\"text\">\n\t\t\t\t\t\t\t<p>Alle zwei Jahre wird zusammen mit der Georg-Kerschensteiner-Schule Holdorf ein Sch\u00fcleraustausch mit dem Coll\u00e8ge Notre Dame in St. M\u00e9en-le-Grand in der Bretagne organisiert. Im Austauschjahr 2016\/2017 konnten wir unser 30-j\u00e4hriges&#8230;<\/p>\n\t\t\t\t\t\t<\/div><!-- .entry-summary -->\n\t\t\t\t\t<\/div><!-- wp-show-posts-inner --><div class=\"wpsp-clear\"><\/div><\/article><\/section><!-- .wp-show-posts -->\n","protected":false},"excerpt":{"rendered":"","protected":false},"author":1,"featured_media":0,"parent":0,"menu_order":0,"comment_status":"closed","ping_status":"closed","template":"","meta":{"footnotes":""},"class_list":["post-72","page","type-page","status-publish","hentry","entry","has-media"],"_links":{"self":[{"href":"https:\/\/dbs-steinfeld.de\/index.php?rest_route=\/wp\/v2\/pages\/72","targetHints":{"allow":["GET"]}}],"collection":[{"href":"https:\/\/dbs-steinfeld.de\/index.php?rest_route=\/wp\/v2\/pages"}],"about":[{"href":"https:\/\/dbs-steinfeld.de\/index.php?rest_route=\/wp\/v2\/types\/page"}],"author":[{"embeddable":true,"href":"https:\/\/dbs-steinfeld.de\/index.php?rest_route=\/wp\/v2\/users\/1"}],"replies":[{"embeddable":true,"href":"https:\/\/dbs-steinfeld.de\/index.php?rest_route=%2Fwp%2Fv2%2Fcomments&post=72"}],"version-history":[{"count":2,"href":"https:\/\/dbs-steinfeld.de\/index.php?rest_route=\/wp\/v2\/pages\/72\/revisions"}],"predecessor-version":[{"id":756,"href":"https:\/\/dbs-steinfeld.de\/index.php?rest_route=\/wp\/v2\/pages\/72\/revisions\/756"}],"wp:attachment":[{"href":"https:\/\/dbs-steinfeld.de\/index.php?rest_route=%2Fwp%2Fv2%2Fmedia&parent=72"}],"curies":[{"name":"wp","href":"https:\/\/api.w.org\/{rel}","templated":true}]}}