{"id":3206,"date":"2025-06-26T09:11:23","date_gmt":"2025-06-26T07:11:23","guid":{"rendered":"https:\/\/dbs-steinfeld.de\/?page_id=3206"},"modified":"2025-06-26T12:00:06","modified_gmt":"2025-06-26T10:00:06","slug":"umgestaltung-schulgebaeude","status":"publish","type":"page","link":"https:\/\/dbs-steinfeld.de\/?page_id=3206","title":{"rendered":"Umgestaltung Schulgeb\u00e4ude"},"content":{"rendered":"\n<h2 class=\"wp-block-heading has-vivid-cyan-blue-color has-text-color has-link-color wp-elements-4ca1e3e28c06f5ddbf69b33534728663\">Umgestaltung Schulgeb\u00e4ude<\/h2>\n\n\n\n<p>Auf dieser Seite m\u00f6chten wir fortlaufend \u00fcber die baulichen Ma\u00dfnahmen und den aktuellen Stand der Umgestaltung des Schulgeb\u00e4udes der Don-Bosco-Schule informieren. Machen Sie sich einen Eindruck:<\/p>\n\n\n\n<p><strong>JUNI 2025<\/strong><\/p>\n\n\n\n<p>Das schon lange nicht mehr genutzte Fotolabor im Obergeschoss ist nun komplett abgerissen. Hier entsteht Platz f\u00fcr einen &#8222;Marktplatz&#8220; im Rahmen des neuen Schulkonzepts.<\/p>\n\n\n\n<figure class=\"wp-block-gallery has-nested-images columns-default is-cropped wp-block-gallery-1 is-layout-flex wp-block-gallery-is-layout-flex\">\n<figure class=\"wp-block-image size-large\"><img fetchpriority=\"high\" decoding=\"async\" width=\"768\" height=\"1024\" data-id=\"3214\" src=\"https:\/\/dbs-steinfeld.de\/wp-content\/uploads\/2025\/06\/Umbau3-768x1024.jpg\" alt=\"\" class=\"wp-image-3214\" srcset=\"https:\/\/dbs-steinfeld.de\/wp-content\/uploads\/2025\/06\/Umbau3-768x1024.jpg 768w, https:\/\/dbs-steinfeld.de\/wp-content\/uploads\/2025\/06\/Umbau3-225x300.jpg 225w, https:\/\/dbs-steinfeld.de\/wp-content\/uploads\/2025\/06\/Umbau3-1152x1536.jpg 1152w, https:\/\/dbs-steinfeld.de\/wp-content\/uploads\/2025\/06\/Umbau3-rotated.jpg 1512w\" sizes=\"(max-width: 768px) 100vw, 768px\" \/><\/figure>\n\n\n\n<figure class=\"wp-block-image size-large\"><img decoding=\"async\" width=\"1024\" height=\"768\" data-id=\"3213\" src=\"https:\/\/dbs-steinfeld.de\/wp-content\/uploads\/2025\/06\/Umbau4-1024x768.jpg\" alt=\"\" class=\"wp-image-3213\" srcset=\"https:\/\/dbs-steinfeld.de\/wp-content\/uploads\/2025\/06\/Umbau4-1024x768.jpg 1024w, https:\/\/dbs-steinfeld.de\/wp-content\/uploads\/2025\/06\/Umbau4-300x225.jpg 300w, https:\/\/dbs-steinfeld.de\/wp-content\/uploads\/2025\/06\/Umbau4-768x576.jpg 768w, https:\/\/dbs-steinfeld.de\/wp-content\/uploads\/2025\/06\/Umbau4-1536x1152.jpg 1536w, https:\/\/dbs-steinfeld.de\/wp-content\/uploads\/2025\/06\/Umbau4.jpg 2016w\" sizes=\"(max-width: 1024px) 100vw, 1024px\" \/><\/figure>\n\n\n\n<figure class=\"wp-block-image size-large\"><img decoding=\"async\" width=\"1024\" height=\"768\" data-id=\"3211\" src=\"https:\/\/dbs-steinfeld.de\/wp-content\/uploads\/2025\/06\/Umbau1-1024x768.jpg\" alt=\"\" class=\"wp-image-3211\" srcset=\"https:\/\/dbs-steinfeld.de\/wp-content\/uploads\/2025\/06\/Umbau1-1024x768.jpg 1024w, https:\/\/dbs-steinfeld.de\/wp-content\/uploads\/2025\/06\/Umbau1-300x225.jpg 300w, https:\/\/dbs-steinfeld.de\/wp-content\/uploads\/2025\/06\/Umbau1-768x576.jpg 768w, https:\/\/dbs-steinfeld.de\/wp-content\/uploads\/2025\/06\/Umbau1-1536x1152.jpg 1536w, https:\/\/dbs-steinfeld.de\/wp-content\/uploads\/2025\/06\/Umbau1-rotated.jpg 2016w\" sizes=\"(max-width: 1024px) 100vw, 1024px\" \/><\/figure>\n\n\n\n<figure class=\"wp-block-image size-large\"><img loading=\"lazy\" decoding=\"async\" width=\"768\" height=\"1024\" data-id=\"3215\" src=\"https:\/\/dbs-steinfeld.de\/wp-content\/uploads\/2025\/06\/Umbau5-768x1024.jpg\" alt=\"\" class=\"wp-image-3215\" srcset=\"https:\/\/dbs-steinfeld.de\/wp-content\/uploads\/2025\/06\/Umbau5-768x1024.jpg 768w, https:\/\/dbs-steinfeld.de\/wp-content\/uploads\/2025\/06\/Umbau5-225x300.jpg 225w, https:\/\/dbs-steinfeld.de\/wp-content\/uploads\/2025\/06\/Umbau5-1152x1536.jpg 1152w, https:\/\/dbs-steinfeld.de\/wp-content\/uploads\/2025\/06\/Umbau5.jpg 1512w\" sizes=\"(max-width: 768px) 100vw, 768px\" \/><\/figure>\n\n\n\n<figure class=\"wp-block-image size-large\"><img loading=\"lazy\" decoding=\"async\" width=\"1024\" height=\"768\" data-id=\"3212\" src=\"https:\/\/dbs-steinfeld.de\/wp-content\/uploads\/2025\/06\/Umbau2-1024x768.jpg\" alt=\"\" class=\"wp-image-3212\" srcset=\"https:\/\/dbs-steinfeld.de\/wp-content\/uploads\/2025\/06\/Umbau2-1024x768.jpg 1024w, https:\/\/dbs-steinfeld.de\/wp-content\/uploads\/2025\/06\/Umbau2-300x225.jpg 300w, https:\/\/dbs-steinfeld.de\/wp-content\/uploads\/2025\/06\/Umbau2-768x576.jpg 768w, https:\/\/dbs-steinfeld.de\/wp-content\/uploads\/2025\/06\/Umbau2-1536x1152.jpg 1536w, https:\/\/dbs-steinfeld.de\/wp-content\/uploads\/2025\/06\/Umbau2-rotated.jpg 2016w\" sizes=\"(max-width: 1024px) 100vw, 1024px\" \/><\/figure>\n<\/figure>\n","protected":false},"excerpt":{"rendered":"<p>Umgestaltung Schulgeb\u00e4ude Auf dieser Seite m\u00f6chten wir fortlaufend \u00fcber die baulichen Ma\u00dfnahmen und den aktuellen Stand der Umgestaltung des Schulgeb\u00e4udes der Don-Bosco-Schule informieren. Machen Sie sich einen Eindruck: JUNI 2025 Das schon lange nicht mehr genutzte Fotolabor im Obergeschoss ist nun komplett abgerissen. Hier entsteht Platz f\u00fcr einen &#8222;Marktplatz&#8220; im Rahmen des neuen Schulkonzepts.<\/p>\n","protected":false},"author":1,"featured_media":0,"parent":0,"menu_order":0,"comment_status":"closed","ping_status":"closed","template":"","meta":{"footnotes":""},"class_list":["post-3206","page","type-page","status-publish","hentry","entry"],"_links":{"self":[{"href":"https:\/\/dbs-steinfeld.de\/index.php?rest_route=\/wp\/v2\/pages\/3206","targetHints":{"allow":["GET"]}}],"collection":[{"href":"https:\/\/dbs-steinfeld.de\/index.php?rest_route=\/wp\/v2\/pages"}],"about":[{"href":"https:\/\/dbs-steinfeld.de\/index.php?rest_route=\/wp\/v2\/types\/page"}],"author":[{"embeddable":true,"href":"https:\/\/dbs-steinfeld.de\/index.php?rest_route=\/wp\/v2\/users\/1"}],"replies":[{"embeddable":true,"href":"https:\/\/dbs-steinfeld.de\/index.php?rest_route=%2Fwp%2Fv2%2Fcomments&post=3206"}],"version-history":[{"count":4,"href":"https:\/\/dbs-steinfeld.de\/index.php?rest_route=\/wp\/v2\/pages\/3206\/revisions"}],"predecessor-version":[{"id":3217,"href":"https:\/\/dbs-steinfeld.de\/index.php?rest_route=\/wp\/v2\/pages\/3206\/revisions\/3217"}],"wp:attachment":[{"href":"https:\/\/dbs-steinfeld.de\/index.php?rest_route=%2Fwp%2Fv2%2Fmedia&parent=3206"}],"curies":[{"name":"wp","href":"https:\/\/api.w.org\/{rel}","templated":true}]}}