{"id":1883,"date":"2023-10-12T08:50:37","date_gmt":"2023-10-12T06:50:37","guid":{"rendered":"https:\/\/dbs-steinfeld.de\/?page_id=1883"},"modified":"2023-10-12T09:00:00","modified_gmt":"2023-10-12T07:00:00","slug":"beschwerden","status":"publish","type":"page","link":"https:\/\/dbs-steinfeld.de\/?page_id=1883","title":{"rendered":"Beschwerden"},"content":{"rendered":"\n<h2 class=\"wp-block-heading\">Umgang mit Beschwerden &#8211; Konzept<\/h2>\n\n\n\n<p>\u00dcberall wo Menschen zusammenkommen, kann es trotz oder gerade wegen der Anwendungen vieler diverser Regeln und Gesetze, zu Spannungen und Konflikten kommen, an deren Ende oft Klagen, Einspr\u00fcche und Beschwerden stehen. Dies gilt besonders f\u00fcr das Spannungsfeld Schule, wo unterschiedliche Personengruppen (allen voran Sch\u00fcler-, Eltern- und Lehrerschaft) aufeinandertreffen und Anspr\u00fcche, Erwartungen und Zielsetzungen nicht selten kontr\u00e4r verlaufen. Konflikte und Beschwerden sind von daher gerade auch in&nbsp;Schule \u201evorprogrammiert\u201c. Umso wichtiger ist es, darauf vorbereitet zu sein&nbsp;und Verfahren&nbsp;vorzuhalten, die dem Ziel dienen, Konflikte, wenn sie denn auftreten, m\u00f6glichst \u201eklein\u201c zu&nbsp;halten und sie schnellstm\u00f6glich unter Einbeziehung aller Beteiligten und &#8211; sofern n\u00f6tig und\/oder gew\u00fcnscht&nbsp;\u2013&nbsp;weiterer Personen(-gruppen)im gegenseitigen Respekt aufzuarbeiten und im Idealfall im Konsens zu l\u00f6sen.<\/p>\n\n\n\n<p>F\u00fcr die L\u00f6sung von Konflikten gilt an der Don-Bosco-Schule folgendes Konzept:<\/p>\n\n\n\n<div data-wp-interactive=\"core\/file\" class=\"wp-block-file\"><object data-wp-bind--hidden=\"!state.hasPdfPreview\" hidden class=\"wp-block-file__embed\" data=\"https:\/\/dbs-steinfeld.de\/wp-content\/uploads\/2023\/10\/Konflikt-und-Beschwerdekonzept_Oktober-2023.pdf\" type=\"application\/pdf\" style=\"width:100%;height:600px\" aria-label=\"Einbettung von Konflikt-und-Beschwerdekonzept_Oktober-2023.\"><\/object><a id=\"wp-block-file--media-bb15061b-4bf7-4e49-a96d-55e1f3ff3246\" href=\"https:\/\/dbs-steinfeld.de\/wp-content\/uploads\/2023\/10\/Konflikt-und-Beschwerdekonzept_Oktober-2023.pdf\">Konflikt-und-Beschwerdekonzept_Oktober-2023<\/a><a href=\"https:\/\/dbs-steinfeld.de\/wp-content\/uploads\/2023\/10\/Konflikt-und-Beschwerdekonzept_Oktober-2023.pdf\" class=\"wp-block-file__button wp-element-button\" download aria-describedby=\"wp-block-file--media-bb15061b-4bf7-4e49-a96d-55e1f3ff3246\">Herunterladen<\/a><\/div>\n","protected":false},"excerpt":{"rendered":"<p>Umgang mit Beschwerden &#8211; Konzept \u00dcberall wo Menschen zusammenkommen, kann es trotz oder gerade wegen der Anwendungen vieler diverser Regeln und Gesetze, zu Spannungen und Konflikten kommen, an deren Ende oft Klagen, Einspr\u00fcche und Beschwerden stehen. Dies gilt besonders f\u00fcr das Spannungsfeld Schule, wo unterschiedliche Personengruppen (allen voran Sch\u00fcler-, Eltern- und Lehrerschaft) aufeinandertreffen und Anspr\u00fcche, [&hellip;]<\/p>\n","protected":false},"author":1,"featured_media":0,"parent":0,"menu_order":0,"comment_status":"closed","ping_status":"closed","template":"","meta":{"footnotes":""},"class_list":["post-1883","page","type-page","status-publish","hentry","entry"],"_links":{"self":[{"href":"https:\/\/dbs-steinfeld.de\/index.php?rest_route=\/wp\/v2\/pages\/1883","targetHints":{"allow":["GET"]}}],"collection":[{"href":"https:\/\/dbs-steinfeld.de\/index.php?rest_route=\/wp\/v2\/pages"}],"about":[{"href":"https:\/\/dbs-steinfeld.de\/index.php?rest_route=\/wp\/v2\/types\/page"}],"author":[{"embeddable":true,"href":"https:\/\/dbs-steinfeld.de\/index.php?rest_route=\/wp\/v2\/users\/1"}],"replies":[{"embeddable":true,"href":"https:\/\/dbs-steinfeld.de\/index.php?rest_route=%2Fwp%2Fv2%2Fcomments&post=1883"}],"version-history":[{"count":3,"href":"https:\/\/dbs-steinfeld.de\/index.php?rest_route=\/wp\/v2\/pages\/1883\/revisions"}],"predecessor-version":[{"id":1889,"href":"https:\/\/dbs-steinfeld.de\/index.php?rest_route=\/wp\/v2\/pages\/1883\/revisions\/1889"}],"wp:attachment":[{"href":"https:\/\/dbs-steinfeld.de\/index.php?rest_route=%2Fwp%2Fv2%2Fmedia&parent=1883"}],"curies":[{"name":"wp","href":"https:\/\/api.w.org\/{rel}","templated":true}]}}