{"id":1869,"date":"2023-10-12T08:09:52","date_gmt":"2023-10-12T06:09:52","guid":{"rendered":"https:\/\/dbs-steinfeld.de\/?page_id=1869"},"modified":"2023-10-12T08:20:49","modified_gmt":"2023-10-12T06:20:49","slug":"schulhund","status":"publish","type":"page","link":"https:\/\/dbs-steinfeld.de\/?page_id=1869","title":{"rendered":"Schulhund"},"content":{"rendered":"\t\t<div data-elementor-type=\"wp-page\" data-elementor-id=\"1869\" class=\"elementor elementor-1869\">\n\t\t\t\t\t\t<section class=\"elementor-section elementor-top-section elementor-element elementor-element-38bc24a elementor-section-boxed elementor-section-height-default elementor-section-height-default\" data-id=\"38bc24a\" data-element_type=\"section\" data-e-type=\"section\">\n\t\t\t\t\t\t<div class=\"elementor-container elementor-column-gap-default\">\n\t\t\t\t\t<div class=\"elementor-column elementor-col-100 elementor-top-column elementor-element elementor-element-d424788\" data-id=\"d424788\" data-element_type=\"column\" data-e-type=\"column\">\n\t\t\t<div class=\"elementor-widget-wrap elementor-element-populated\">\n\t\t\t\t\t\t<div class=\"elementor-element elementor-element-4ab4962 elementor-widget elementor-widget-heading\" data-id=\"4ab4962\" data-element_type=\"widget\" data-e-type=\"widget\" data-widget_type=\"heading.default\">\n\t\t\t\t<div class=\"elementor-widget-container\">\n\t\t\t\t\t<h2 class=\"elementor-heading-title elementor-size-default\">Schulhund<\/h2>\t\t\t\t<\/div>\n\t\t\t\t<\/div>\n\t\t\t\t\t<\/div>\n\t\t<\/div>\n\t\t\t\t\t<\/div>\n\t\t<\/section>\n\t\t\t\t<section class=\"elementor-section elementor-top-section elementor-element elementor-element-15390ed9 elementor-section-boxed elementor-section-height-default elementor-section-height-default\" data-id=\"15390ed9\" data-element_type=\"section\" data-e-type=\"section\">\n\t\t\t\t\t\t<div class=\"elementor-container elementor-column-gap-default\">\n\t\t\t\t\t<div class=\"elementor-column elementor-col-100 elementor-top-column elementor-element elementor-element-143beb80\" data-id=\"143beb80\" data-element_type=\"column\" data-e-type=\"column\">\n\t\t\t<div class=\"elementor-widget-wrap elementor-element-populated\">\n\t\t\t\t\t\t<div class=\"elementor-element elementor-element-26b05ef7 elementor-widget elementor-widget-text-editor\" data-id=\"26b05ef7\" data-element_type=\"widget\" data-e-type=\"widget\" data-widget_type=\"text-editor.default\">\n\t\t\t\t<div class=\"elementor-widget-container\">\n\t\t\t\t\t\t\t\t\t\n<p>Seit dem Schuljahr 2022\/23 begleitet unser Schulhund Fine den Schulalltag der Sch\u00fclerinnen und Sch\u00fcler an der Don-Bosco-Schule. Informationen \u00fcber Fine und ihre Aufgaben finden Sie hier:<\/p>\n\n\n\n<div data-wp-interactive=\"core\/file\" class=\"wp-block-file\"><object data-wp-bind--hidden=\"!state.hasPdfPreview\" hidden class=\"wp-block-file__embed\" data=\"https:\/\/dbs-steinfeld.de\/wp-content\/uploads\/2023\/10\/Schulhundkonzept_Fine.pdf\" type=\"application\/pdf\" style=\"width:100%;height:600px\" aria-label=\"Einbettung von Schulhundkonzept_Fine.\"><\/object><a id=\"wp-block-file--media-ab4e1239-13df-42ea-b163-a3df7b58cd7f\" href=\"https:\/\/dbs-steinfeld.de\/wp-content\/uploads\/2023\/10\/Schulhundkonzept_Fine.pdf\">Schulhundkonzept_Fine<\/a><a href=\"https:\/\/dbs-steinfeld.de\/wp-content\/uploads\/2023\/10\/Schulhundkonzept_Fine.pdf\" class=\"wp-block-file__button wp-element-button\" download aria-describedby=\"wp-block-file--media-ab4e1239-13df-42ea-b163-a3df7b58cd7f\">Herunterladen<\/a><\/div>\n\n\n\n<p><\/p>\n\n\n\n<p>Der Umgang mit Fine im Alltag der Schule unterliegt einigen Regeln, die Sie hier erfahren k\u00f6nnen:<\/p>\n\n\n\n<div data-wp-interactive=\"core\/file\" class=\"wp-block-file\"><object data-wp-bind--hidden=\"!state.hasPdfPreview\" hidden class=\"wp-block-file__embed\" data=\"https:\/\/dbs-steinfeld.de\/wp-content\/uploads\/2023\/10\/Schulhund_Regeln-mit-Fine.pdf\" type=\"application\/pdf\" style=\"width:100%;height:600px\" aria-label=\"Einbettung von Schulhund_Regeln-mit-Fine.\"><\/object><a id=\"wp-block-file--media-5344b868-7ae5-4baa-b094-ccec68c8f10b\" href=\"https:\/\/dbs-steinfeld.de\/wp-content\/uploads\/2023\/10\/Schulhund_Regeln-mit-Fine.pdf\">Schulhund_Regeln-mit-Fine<\/a><a href=\"https:\/\/dbs-steinfeld.de\/wp-content\/uploads\/2023\/10\/Schulhund_Regeln-mit-Fine.pdf\" class=\"wp-block-file__button wp-element-button\" download aria-describedby=\"wp-block-file--media-5344b868-7ae5-4baa-b094-ccec68c8f10b\">Herunterladen<\/a><\/div>\n\t\t\t\t\t\t\t\t<\/div>\n\t\t\t\t<\/div>\n\t\t\t\t\t<\/div>\n\t\t<\/div>\n\t\t\t\t\t<\/div>\n\t\t<\/section>\n\t\t\t\t<\/div>\n\t\t","protected":false},"excerpt":{"rendered":"<p>Schulhund Seit dem Schuljahr 2022\/23 begleitet unser Schulhund Fine den Schulalltag der Sch\u00fclerinnen und Sch\u00fcler an der Don-Bosco-Schule. Informationen \u00fcber Fine und ihre Aufgaben finden Sie hier: Der Umgang mit Fine im Alltag der Schule unterliegt einigen Regeln, die Sie hier erfahren k\u00f6nnen:<\/p>\n","protected":false},"author":1,"featured_media":0,"parent":0,"menu_order":0,"comment_status":"closed","ping_status":"closed","template":"","meta":{"footnotes":""},"class_list":["post-1869","page","type-page","status-publish","hentry","entry"],"_links":{"self":[{"href":"https:\/\/dbs-steinfeld.de\/index.php?rest_route=\/wp\/v2\/pages\/1869","targetHints":{"allow":["GET"]}}],"collection":[{"href":"https:\/\/dbs-steinfeld.de\/index.php?rest_route=\/wp\/v2\/pages"}],"about":[{"href":"https:\/\/dbs-steinfeld.de\/index.php?rest_route=\/wp\/v2\/types\/page"}],"author":[{"embeddable":true,"href":"https:\/\/dbs-steinfeld.de\/index.php?rest_route=\/wp\/v2\/users\/1"}],"replies":[{"embeddable":true,"href":"https:\/\/dbs-steinfeld.de\/index.php?rest_route=%2Fwp%2Fv2%2Fcomments&post=1869"}],"version-history":[{"count":5,"href":"https:\/\/dbs-steinfeld.de\/index.php?rest_route=\/wp\/v2\/pages\/1869\/revisions"}],"predecessor-version":[{"id":1878,"href":"https:\/\/dbs-steinfeld.de\/index.php?rest_route=\/wp\/v2\/pages\/1869\/revisions\/1878"}],"wp:attachment":[{"href":"https:\/\/dbs-steinfeld.de\/index.php?rest_route=%2Fwp%2Fv2%2Fmedia&parent=1869"}],"curies":[{"name":"wp","href":"https:\/\/api.w.org\/{rel}","templated":true}]}}