{"id":1732,"date":"2023-08-30T16:28:43","date_gmt":"2023-08-30T14:28:43","guid":{"rendered":"https:\/\/dbs-steinfeld.de\/?page_id=1732"},"modified":"2025-07-27T08:45:05","modified_gmt":"2025-07-27T06:45:05","slug":"schuelerbefoerderung","status":"publish","type":"page","link":"https:\/\/dbs-steinfeld.de\/?page_id=1732","title":{"rendered":"Sch\u00fclerbef\u00f6rderung"},"content":{"rendered":"\t\t<div data-elementor-type=\"wp-page\" data-elementor-id=\"1732\" class=\"elementor elementor-1732\">\n\t\t\t\t\t\t<section class=\"elementor-section elementor-top-section elementor-element elementor-element-1db2e2a elementor-section-boxed elementor-section-height-default elementor-section-height-default\" data-id=\"1db2e2a\" data-element_type=\"section\" data-e-type=\"section\">\n\t\t\t\t\t\t<div class=\"elementor-container elementor-column-gap-default\">\n\t\t\t\t\t<div class=\"elementor-column elementor-col-100 elementor-top-column elementor-element elementor-element-373881a\" data-id=\"373881a\" data-element_type=\"column\" data-e-type=\"column\">\n\t\t\t<div class=\"elementor-widget-wrap elementor-element-populated\">\n\t\t\t\t\t\t<div class=\"elementor-element elementor-element-74e9b71 elementor-widget elementor-widget-heading\" data-id=\"74e9b71\" data-element_type=\"widget\" data-e-type=\"widget\" data-widget_type=\"heading.default\">\n\t\t\t\t<div class=\"elementor-widget-container\">\n\t\t\t\t\t<h2 class=\"elementor-heading-title elementor-size-default\">Sch\u00fclerbef\u00f6rderung<\/h2>\t\t\t\t<\/div>\n\t\t\t\t<\/div>\n\t\t\t\t\t<\/div>\n\t\t<\/div>\n\t\t\t\t\t<\/div>\n\t\t<\/section>\n\t\t\t\t<section class=\"elementor-section elementor-top-section elementor-element elementor-element-939c654 elementor-section-boxed elementor-section-height-default elementor-section-height-default\" data-id=\"939c654\" data-element_type=\"section\" data-e-type=\"section\">\n\t\t\t\t\t\t<div class=\"elementor-container elementor-column-gap-default\">\n\t\t\t\t\t<div class=\"elementor-column elementor-col-100 elementor-top-column elementor-element elementor-element-7525a8d\" data-id=\"7525a8d\" data-element_type=\"column\" data-e-type=\"column\">\n\t\t\t<div class=\"elementor-widget-wrap elementor-element-populated\">\n\t\t\t\t\t\t<div class=\"elementor-element elementor-element-04540d3 elementor-widget elementor-widget-image\" data-id=\"04540d3\" data-element_type=\"widget\" data-e-type=\"widget\" data-widget_type=\"image.default\">\n\t\t\t\t<div class=\"elementor-widget-container\">\n\t\t\t\t\t\t\t\t\t\t\t\t\t\t\t<img fetchpriority=\"high\" decoding=\"async\" width=\"223\" height=\"240\" src=\"https:\/\/dbs-steinfeld.de\/wp-content\/uploads\/2022\/06\/DBSlogo.jpg\" class=\"attachment-medium_large size-medium_large wp-image-1225\" alt=\"Informationen zum neuen p\u00e4dagogischen Konzept.\" \/>\t\t\t\t\t\t\t\t\t\t\t\t\t\t\t<\/div>\n\t\t\t\t<\/div>\n\t\t\t\t\t<\/div>\n\t\t<\/div>\n\t\t\t\t\t<\/div>\n\t\t<\/section>\n\t\t\t\t<section class=\"elementor-section elementor-top-section elementor-element elementor-element-6d133f3a elementor-section-boxed elementor-section-height-default elementor-section-height-default\" data-id=\"6d133f3a\" data-element_type=\"section\" data-e-type=\"section\">\n\t\t\t\t\t\t<div class=\"elementor-container elementor-column-gap-default\">\n\t\t\t\t\t<div class=\"elementor-column elementor-col-100 elementor-top-column elementor-element elementor-element-5e3a7fae\" data-id=\"5e3a7fae\" data-element_type=\"column\" data-e-type=\"column\">\n\t\t\t<div class=\"elementor-widget-wrap elementor-element-populated\">\n\t\t\t\t\t\t<div class=\"elementor-element elementor-element-4122df46 elementor-widget elementor-widget-text-editor\" data-id=\"4122df46\" data-element_type=\"widget\" data-e-type=\"widget\" data-widget_type=\"text-editor.default\">\n\t\t\t\t<div class=\"elementor-widget-container\">\n\t\t\t\t\t\t\t\t\t\n<p>Antr\u00e4ge f\u00fcr die Sch\u00fclerbef\u00f6rderung k\u00f6nnen ab sofort nur noch als Online-Antrag gestellt werden. Nutzen Sie daf\u00fcr einfach den Link nach dem folgenden Hinweis.<\/p>\n\n<p><strong>ACHTUNG: <\/strong>Eine Ausnahme hiervon ist der Antrag auf individuelle Bef\u00f6rderung aufgrund einer k\u00f6rperlichen oder geistigen Einschr\u00e4nkung. Zus\u00e4tzlich zum Antrag ist hier auch ein \u00e4rztliches Attest notwendig. Diese Gruppe hat dann aber keinen Anspruch auf ein Deutschlandticket!<\/p>\n\n<p>Den Online-Antrag f\u00fcr die Sch\u00fclerbef\u00f6rderung finden Sie hier. Klicken Sie daf\u00fcr auf der Seite auf den gelben Kasten:<\/p>\n<p><a href=\"https:\/\/www.kommune365.de\/landkreis-vechta\/zentrale-dienstleistung\/236_schuelerfahrtkosten?busCommuneId=&amp;kommune=landkreis-vechta\">Sch\u00fclerbef\u00f6rderung LK Vechta<\/a><\/p>\n\t\t\t\t\t\t\t\t<\/div>\n\t\t\t\t<\/div>\n\t\t\t\t\t<\/div>\n\t\t<\/div>\n\t\t\t\t\t<\/div>\n\t\t<\/section>\n\t\t\t\t<\/div>\n\t\t","protected":false},"excerpt":{"rendered":"<p>Sch\u00fclerbef\u00f6rderung Antr\u00e4ge f\u00fcr die Sch\u00fclerbef\u00f6rderung k\u00f6nnen ab sofort nur noch als Online-Antrag gestellt werden. Nutzen Sie daf\u00fcr einfach den Link nach dem folgenden Hinweis. ACHTUNG: Eine Ausnahme hiervon ist der Antrag auf individuelle Bef\u00f6rderung aufgrund einer k\u00f6rperlichen oder geistigen Einschr\u00e4nkung. Zus\u00e4tzlich zum Antrag ist hier auch ein \u00e4rztliches Attest notwendig. Diese Gruppe hat dann aber [&hellip;]<\/p>\n","protected":false},"author":1,"featured_media":1225,"parent":0,"menu_order":0,"comment_status":"closed","ping_status":"closed","template":"","meta":{"footnotes":""},"class_list":["post-1732","page","type-page","status-publish","has-post-thumbnail","hentry","entry","has-media"],"_links":{"self":[{"href":"https:\/\/dbs-steinfeld.de\/index.php?rest_route=\/wp\/v2\/pages\/1732","targetHints":{"allow":["GET"]}}],"collection":[{"href":"https:\/\/dbs-steinfeld.de\/index.php?rest_route=\/wp\/v2\/pages"}],"about":[{"href":"https:\/\/dbs-steinfeld.de\/index.php?rest_route=\/wp\/v2\/types\/page"}],"author":[{"embeddable":true,"href":"https:\/\/dbs-steinfeld.de\/index.php?rest_route=\/wp\/v2\/users\/1"}],"replies":[{"embeddable":true,"href":"https:\/\/dbs-steinfeld.de\/index.php?rest_route=%2Fwp%2Fv2%2Fcomments&post=1732"}],"version-history":[{"count":15,"href":"https:\/\/dbs-steinfeld.de\/index.php?rest_route=\/wp\/v2\/pages\/1732\/revisions"}],"predecessor-version":[{"id":3295,"href":"https:\/\/dbs-steinfeld.de\/index.php?rest_route=\/wp\/v2\/pages\/1732\/revisions\/3295"}],"wp:featuredmedia":[{"embeddable":true,"href":"https:\/\/dbs-steinfeld.de\/index.php?rest_route=\/wp\/v2\/media\/1225"}],"wp:attachment":[{"href":"https:\/\/dbs-steinfeld.de\/index.php?rest_route=%2Fwp%2Fv2%2Fmedia&parent=1732"}],"curies":[{"name":"wp","href":"https:\/\/api.w.org\/{rel}","templated":true}]}}