{"id":1487,"date":"2023-02-28T13:11:54","date_gmt":"2023-02-28T12:11:54","guid":{"rendered":"https:\/\/dbs-steinfeld.de\/?page_id=1487"},"modified":"2026-02-15T17:24:38","modified_gmt":"2026-02-15T16:24:38","slug":"praktikum-2","status":"publish","type":"page","link":"https:\/\/dbs-steinfeld.de\/?page_id=1487","title":{"rendered":"Praktikum"},"content":{"rendered":"\n<p>Hier finden Sie die jeweiligen Anschreiben f\u00fcr die Praktika in den Schuljahrg\u00e4ngen 9\/10.<\/p>\n\n\n\n<p>Die Anschreiben beinhalten die Informationen \u00fcber die Zeitr\u00e4ume und die Best\u00e4tigung des Praktikumsplatzes, der vom Betrieb im Vorfeld ausgef\u00fcllt werden muss.<\/p>\n\n\n\n<p>Nach dem Praktikum ist die Bescheinigung des Praktikums durch den Betrieb auszuf\u00fcllen.<\/p>\n\n\n\n<div data-wp-interactive=\"core\/file\" class=\"wp-block-file\"><object data-wp-bind--hidden=\"!state.hasPdfPreview\" hidden class=\"wp-block-file__embed\" data=\"https:\/\/dbs-steinfeld.de\/wp-content\/uploads\/2026\/02\/Anschreiben_an_die_Betriebe_Betriebspraktikum_Jahrgang-9_ab-2026-27.pdf\" type=\"application\/pdf\" style=\"width:100%;height:600px\" aria-label=\"Einbettung von Anschreiben_an_die_Betriebe_Betriebspraktikum_Jahrgang 9_ab 2026-27.\"><\/object><a id=\"wp-block-file--media-fe5626fd-2918-4452-adf2-c44867e675b6\" href=\"https:\/\/dbs-steinfeld.de\/wp-content\/uploads\/2026\/02\/Anschreiben_an_die_Betriebe_Betriebspraktikum_Jahrgang-9_ab-2026-27.pdf\">Anschreiben_an_die_Betriebe_Betriebspraktikum_Jahrgang 9_ab 2026-27<\/a><a href=\"https:\/\/dbs-steinfeld.de\/wp-content\/uploads\/2026\/02\/Anschreiben_an_die_Betriebe_Betriebspraktikum_Jahrgang-9_ab-2026-27.pdf\" class=\"wp-block-file__button wp-element-button\" download aria-describedby=\"wp-block-file--media-fe5626fd-2918-4452-adf2-c44867e675b6\">Herunterladen<\/a><\/div>\n\n\n\n<p><\/p>\n\n\n\n<div data-wp-interactive=\"core\/file\" class=\"wp-block-file\"><object data-wp-bind--hidden=\"!state.hasPdfPreview\" hidden class=\"wp-block-file__embed\" data=\"https:\/\/dbs-steinfeld.de\/wp-content\/uploads\/2026\/02\/Anschreiben_an_die_Betriebe_Betriebspraktikum_Jahrgang-10_ab-2026-27.pdf\" type=\"application\/pdf\" style=\"width:100%;height:600px\" aria-label=\"Einbettung von Anschreiben_an_die_Betriebe_Betriebspraktikum_Jahrgang 10_ab 2026-27.\"><\/object><a id=\"wp-block-file--media-298ce6a9-0b10-4944-84a9-b125c7dc2fcf\" href=\"https:\/\/dbs-steinfeld.de\/wp-content\/uploads\/2026\/02\/Anschreiben_an_die_Betriebe_Betriebspraktikum_Jahrgang-10_ab-2026-27.pdf\">Anschreiben_an_die_Betriebe_Betriebspraktikum_Jahrgang 10_ab 2026-27<\/a><a href=\"https:\/\/dbs-steinfeld.de\/wp-content\/uploads\/2026\/02\/Anschreiben_an_die_Betriebe_Betriebspraktikum_Jahrgang-10_ab-2026-27.pdf\" class=\"wp-block-file__button wp-element-button\" download aria-describedby=\"wp-block-file--media-298ce6a9-0b10-4944-84a9-b125c7dc2fcf\">Herunterladen<\/a><\/div>\n\n\n\n<p><\/p>\n\n\n\n<div data-wp-interactive=\"core\/file\" class=\"wp-block-file\"><object data-wp-bind--hidden=\"!state.hasPdfPreview\" hidden class=\"wp-block-file__embed\" data=\"https:\/\/dbs-steinfeld.de\/wp-content\/uploads\/2023\/11\/Bescheinigung-des-Praktikumsbetriebes-DBS.pdf\" type=\"application\/pdf\" style=\"width:100%;height:600px\" aria-label=\"Einbettung von Bescheinigung-des-Praktikumsbetriebes-DBS.\"><\/object><a id=\"wp-block-file--media-69f1f9ae-ff4f-48f6-850a-ffa3a62f32bd\" href=\"https:\/\/dbs-steinfeld.de\/wp-content\/uploads\/2023\/11\/Bescheinigung-des-Praktikumsbetriebes-DBS.pdf\">Bescheinigung-des-Praktikumsbetriebes-DBS<\/a><a href=\"https:\/\/dbs-steinfeld.de\/wp-content\/uploads\/2023\/11\/Bescheinigung-des-Praktikumsbetriebes-DBS.pdf\" class=\"wp-block-file__button wp-element-button\" download aria-describedby=\"wp-block-file--media-69f1f9ae-ff4f-48f6-850a-ffa3a62f32bd\">Herunterladen<\/a><\/div>\n","protected":false},"excerpt":{"rendered":"<p>Hier finden Sie die jeweiligen Anschreiben f\u00fcr die Praktika in den Schuljahrg\u00e4ngen 9\/10. Die Anschreiben beinhalten die Informationen \u00fcber die Zeitr\u00e4ume und die Best\u00e4tigung des Praktikumsplatzes, der vom Betrieb im Vorfeld ausgef\u00fcllt werden muss. Nach dem Praktikum ist die Bescheinigung des Praktikums durch den Betrieb auszuf\u00fcllen.<\/p>\n","protected":false},"author":1,"featured_media":0,"parent":0,"menu_order":0,"comment_status":"closed","ping_status":"closed","template":"","meta":{"footnotes":""},"class_list":["post-1487","page","type-page","status-publish","hentry","entry"],"_links":{"self":[{"href":"https:\/\/dbs-steinfeld.de\/index.php?rest_route=\/wp\/v2\/pages\/1487","targetHints":{"allow":["GET"]}}],"collection":[{"href":"https:\/\/dbs-steinfeld.de\/index.php?rest_route=\/wp\/v2\/pages"}],"about":[{"href":"https:\/\/dbs-steinfeld.de\/index.php?rest_route=\/wp\/v2\/types\/page"}],"author":[{"embeddable":true,"href":"https:\/\/dbs-steinfeld.de\/index.php?rest_route=\/wp\/v2\/users\/1"}],"replies":[{"embeddable":true,"href":"https:\/\/dbs-steinfeld.de\/index.php?rest_route=%2Fwp%2Fv2%2Fcomments&post=1487"}],"version-history":[{"count":12,"href":"https:\/\/dbs-steinfeld.de\/index.php?rest_route=\/wp\/v2\/pages\/1487\/revisions"}],"predecessor-version":[{"id":3632,"href":"https:\/\/dbs-steinfeld.de\/index.php?rest_route=\/wp\/v2\/pages\/1487\/revisions\/3632"}],"wp:attachment":[{"href":"https:\/\/dbs-steinfeld.de\/index.php?rest_route=%2Fwp%2Fv2%2Fmedia&parent=1487"}],"curies":[{"name":"wp","href":"https:\/\/api.w.org\/{rel}","templated":true}]}}