{"id":1485,"date":"2023-02-28T13:11:38","date_gmt":"2023-02-28T12:11:38","guid":{"rendered":"https:\/\/dbs-steinfeld.de\/?page_id=1485"},"modified":"2023-03-01T17:45:27","modified_gmt":"2023-03-01T16:45:27","slug":"links","status":"publish","type":"page","link":"https:\/\/dbs-steinfeld.de\/?page_id=1485","title":{"rendered":"Links"},"content":{"rendered":"\n<p>Sie finden auf dieser Seite verschiedene Links f\u00fcr die Berufsorientierung:<\/p>\n\n\n\n<p><a rel=\"noreferrer noopener\" href=\"http:\/\/www.planet-beruf.de\/\" target=\"_blank\">www.planet-beruf.de<\/a> <\/p>\n\n\n\n<p>Enth\u00e4lt Informationen rund um die Berufswahl. Besonders interessant sind das Berufe-Universum &#8211; ein Selbsterkundungsprogramm zur Frage: \u201eWelcher Beruf passt zu Dir?\u201c- und das Bewerbungstraining mit Tipps zu den Themen Bewerbung, Einstellungstest und Vorstellungsgespr\u00e4ch.<\/p>\n\n\n\n<p><a rel=\"noreferrer noopener\" href=\"http:\/\/www.berufe.tv\/\" target=\"_blank\">www.berufe.tv<\/a> <\/p>\n\n\n\n<p>Enth\u00e4lt Filme \u00fcber Ausbildungs- und Studienberufe.<\/p>\n\n\n\n<p><a rel=\"noreferrer noopener\" href=\"https:\/\/www.azubiyo.de\/berufe\/a-z\/\" target=\"_blank\">https:\/\/www.azubiyo.de\/berufe\/a-z\/<\/a> <\/p>\n\n\n\n<p>Hier werden viele verschiedene Berufe beschrieben, ihr erfahrt alles \u00fcber die Ausbildungsinhalte und den Berufsalltag.<\/p>\n\n\n\n<p><a rel=\"noreferrer noopener\" href=\"http:\/\/www.jobboerse.arbeitsagentur.de\/\" target=\"_blank\">www.jobboerse.arbeitsagentur.de<\/a> <\/p>\n\n\n\n<p>Dort befindet sich die Jobb\u00f6rse der Bundesagentur f\u00fcr Arbeit mit Ausbildungsstellen aus dem gesamten Bundesgebiet.<\/p>\n\n\n\n<p><a rel=\"noreferrer noopener\" href=\"https:\/\/bildungsregionvechta.de\/bildungsregion\/berufsbildung\/berufs-und-studienorientierung\/\" target=\"_blank\">https:\/\/bildungsregionvechta.de\/bildungsregion\/berufsbildung\/berufs-und-studienorientierung\/<\/a> <\/p>\n\n\n\n<p>Der Landkreis Vechta bildet mit dem Land Niedersachsen &#8211; als staatlich-kommunale Verantwortungsgemeinschaft f\u00fcr Bildung &#8211; die Bildungsregion Vechta und unterst\u00fctzt Sch\u00fcler und Sch\u00fclerinnen bei der Berufsorientierung.<\/p>\n\n\n\n<p><a rel=\"noreferrer noopener\" href=\"https:\/\/www.caritas-sozialwerk.de\/beratung\/jugendberufshilfe-pro-aktiv-center\/berufshilfe-jugendliche\" target=\"_blank\">https:\/\/www.caritas-sozialwerk.de\/beratung\/jugendberufshilfe-pro-aktiv-center\/berufshilfe-jugendliche<\/a> <\/p>\n\n\n\n<p>Das Pro-Aktiv-Center Vechta (PACE) hilft jungen Menschen beim \u00dcbergang von der Schule ins Berufsleben, d. h. in eine Ausbildung oder ein Besch\u00e4ftigungsverh\u00e4ltnis.<\/p>\n","protected":false},"excerpt":{"rendered":"<p>Sie finden auf dieser Seite verschiedene Links f\u00fcr die Berufsorientierung: www.planet-beruf.de Enth\u00e4lt Informationen rund um die Berufswahl. Besonders interessant sind das Berufe-Universum &#8211; ein Selbsterkundungsprogramm zur Frage: \u201eWelcher Beruf passt zu Dir?\u201c- und das Bewerbungstraining mit Tipps zu den Themen Bewerbung, Einstellungstest und Vorstellungsgespr\u00e4ch. www.berufe.tv Enth\u00e4lt Filme \u00fcber Ausbildungs- und Studienberufe. https:\/\/www.azubiyo.de\/berufe\/a-z\/ Hier werden viele [&hellip;]<\/p>\n","protected":false},"author":1,"featured_media":0,"parent":0,"menu_order":0,"comment_status":"closed","ping_status":"closed","template":"","meta":{"footnotes":""},"class_list":["post-1485","page","type-page","status-publish","hentry","entry"],"_links":{"self":[{"href":"https:\/\/dbs-steinfeld.de\/index.php?rest_route=\/wp\/v2\/pages\/1485","targetHints":{"allow":["GET"]}}],"collection":[{"href":"https:\/\/dbs-steinfeld.de\/index.php?rest_route=\/wp\/v2\/pages"}],"about":[{"href":"https:\/\/dbs-steinfeld.de\/index.php?rest_route=\/wp\/v2\/types\/page"}],"author":[{"embeddable":true,"href":"https:\/\/dbs-steinfeld.de\/index.php?rest_route=\/wp\/v2\/users\/1"}],"replies":[{"embeddable":true,"href":"https:\/\/dbs-steinfeld.de\/index.php?rest_route=%2Fwp%2Fv2%2Fcomments&post=1485"}],"version-history":[{"count":3,"href":"https:\/\/dbs-steinfeld.de\/index.php?rest_route=\/wp\/v2\/pages\/1485\/revisions"}],"predecessor-version":[{"id":1521,"href":"https:\/\/dbs-steinfeld.de\/index.php?rest_route=\/wp\/v2\/pages\/1485\/revisions\/1521"}],"wp:attachment":[{"href":"https:\/\/dbs-steinfeld.de\/index.php?rest_route=%2Fwp%2Fv2%2Fmedia&parent=1485"}],"curies":[{"name":"wp","href":"https:\/\/api.w.org\/{rel}","templated":true}]}}