{"id":1475,"date":"2023-02-28T13:09:09","date_gmt":"2023-02-28T12:09:09","guid":{"rendered":"https:\/\/dbs-steinfeld.de\/?page_id=1475"},"modified":"2026-01-07T20:56:59","modified_gmt":"2026-01-07T19:56:59","slug":"berufsberatung","status":"publish","type":"page","link":"https:\/\/dbs-steinfeld.de\/?page_id=1475","title":{"rendered":"Berufsberatung"},"content":{"rendered":"\n<p>Frau Schwarz von der Bundesagentur f\u00fcr Arbeit ber\u00e4t unsere Sch\u00fclerinnen und Sch\u00fcler pers\u00f6nlich und individuell bei der Suche nach einem Beruf und einer Ausbildungsstelle.<\/p>\n\n\n\n<p>Klicken Sie hier f\u00fcr weitere Informationen:<\/p>\n\n\n\n<div class=\"wp-block-buttons is-layout-flex wp-block-buttons-is-layout-flex\">\n<div class=\"wp-block-button\"><a class=\"wp-block-button__link wp-element-button\" href=\"https:\/\/www.arbeitsagentur.de\/vor-ort\/vechta\/don-bosco-schule-steinfeld?pk_campaign=schulwebsite\">Zur Berufsberatung<\/a><\/div>\n<\/div>\n\n\n\n<p><\/p>\n\n\n\n<figure class=\"wp-block-image size-large\"><img fetchpriority=\"high\" decoding=\"async\" width=\"1024\" height=\"390\" src=\"https:\/\/dbs-steinfeld.de\/wp-content\/uploads\/2024\/09\/schulbanner-bundesagentur-fuer-arbeit-1024x390.webp\" alt=\"\" class=\"wp-image-2574\" srcset=\"https:\/\/dbs-steinfeld.de\/wp-content\/uploads\/2024\/09\/schulbanner-bundesagentur-fuer-arbeit-1024x390.webp 1024w, https:\/\/dbs-steinfeld.de\/wp-content\/uploads\/2024\/09\/schulbanner-bundesagentur-fuer-arbeit-300x114.webp 300w, https:\/\/dbs-steinfeld.de\/wp-content\/uploads\/2024\/09\/schulbanner-bundesagentur-fuer-arbeit-768x292.webp 768w, https:\/\/dbs-steinfeld.de\/wp-content\/uploads\/2024\/09\/schulbanner-bundesagentur-fuer-arbeit-1536x585.webp 1536w, https:\/\/dbs-steinfeld.de\/wp-content\/uploads\/2024\/09\/schulbanner-bundesagentur-fuer-arbeit.webp 1920w\" sizes=\"(max-width: 1024px) 100vw, 1024px\" \/><\/figure>\n","protected":false},"excerpt":{"rendered":"<p>Frau Schwarz von der Bundesagentur f\u00fcr Arbeit ber\u00e4t unsere Sch\u00fclerinnen und Sch\u00fcler pers\u00f6nlich und individuell bei der Suche nach einem Beruf und einer Ausbildungsstelle. Klicken Sie hier f\u00fcr weitere Informationen:<\/p>\n","protected":false},"author":1,"featured_media":0,"parent":0,"menu_order":0,"comment_status":"closed","ping_status":"closed","template":"","meta":{"footnotes":""},"class_list":["post-1475","page","type-page","status-publish","hentry","entry"],"_links":{"self":[{"href":"https:\/\/dbs-steinfeld.de\/index.php?rest_route=\/wp\/v2\/pages\/1475","targetHints":{"allow":["GET"]}}],"collection":[{"href":"https:\/\/dbs-steinfeld.de\/index.php?rest_route=\/wp\/v2\/pages"}],"about":[{"href":"https:\/\/dbs-steinfeld.de\/index.php?rest_route=\/wp\/v2\/types\/page"}],"author":[{"embeddable":true,"href":"https:\/\/dbs-steinfeld.de\/index.php?rest_route=\/wp\/v2\/users\/1"}],"replies":[{"embeddable":true,"href":"https:\/\/dbs-steinfeld.de\/index.php?rest_route=%2Fwp%2Fv2%2Fcomments&post=1475"}],"version-history":[{"count":4,"href":"https:\/\/dbs-steinfeld.de\/index.php?rest_route=\/wp\/v2\/pages\/1475\/revisions"}],"predecessor-version":[{"id":3582,"href":"https:\/\/dbs-steinfeld.de\/index.php?rest_route=\/wp\/v2\/pages\/1475\/revisions\/3582"}],"wp:attachment":[{"href":"https:\/\/dbs-steinfeld.de\/index.php?rest_route=%2Fwp%2Fv2%2Fmedia&parent=1475"}],"curies":[{"name":"wp","href":"https:\/\/api.w.org\/{rel}","templated":true}]}}