{"id":1256,"date":"2022-08-22T18:24:42","date_gmt":"2022-08-22T16:24:42","guid":{"rendered":"https:\/\/dbs-steinfeld.de\/?page_id=1256"},"modified":"2026-04-09T15:02:22","modified_gmt":"2026-04-09T13:02:22","slug":"mensa","status":"publish","type":"page","link":"https:\/\/dbs-steinfeld.de\/?page_id=1256","title":{"rendered":"Mensa"},"content":{"rendered":"\t\t<div data-elementor-type=\"wp-page\" data-elementor-id=\"1256\" class=\"elementor elementor-1256\">\n\t\t\t\t\t\t<section class=\"elementor-section elementor-top-section elementor-element elementor-element-ad49a95 elementor-section-boxed elementor-section-height-default elementor-section-height-default\" data-id=\"ad49a95\" data-element_type=\"section\" data-e-type=\"section\">\n\t\t\t\t\t\t<div class=\"elementor-container elementor-column-gap-default\">\n\t\t\t\t\t<div class=\"elementor-column elementor-col-100 elementor-top-column elementor-element elementor-element-0c5629d\" data-id=\"0c5629d\" data-element_type=\"column\" data-e-type=\"column\">\n\t\t\t<div class=\"elementor-widget-wrap elementor-element-populated\">\n\t\t\t\t\t\t<div class=\"elementor-element elementor-element-f6781b8 elementor-widget elementor-widget-heading\" data-id=\"f6781b8\" data-element_type=\"widget\" data-e-type=\"widget\" data-widget_type=\"heading.default\">\n\t\t\t\t<div class=\"elementor-widget-container\">\n\t\t\t\t\t<h2 class=\"elementor-heading-title elementor-size-default\">Mensa der Don-Bosco-Schule<\/h2>\t\t\t\t<\/div>\n\t\t\t\t<\/div>\n\t\t\t\t\t<\/div>\n\t\t<\/div>\n\t\t\t\t\t<\/div>\n\t\t<\/section>\n\t\t\t\t<section class=\"elementor-section elementor-top-section elementor-element elementor-element-4043beab elementor-section-boxed elementor-section-height-default elementor-section-height-default\" data-id=\"4043beab\" data-element_type=\"section\" data-e-type=\"section\">\n\t\t\t\t\t\t<div class=\"elementor-container elementor-column-gap-default\">\n\t\t\t\t\t<div class=\"elementor-column elementor-col-100 elementor-top-column elementor-element elementor-element-cdbe1a3\" data-id=\"cdbe1a3\" data-element_type=\"column\" data-e-type=\"column\">\n\t\t\t<div class=\"elementor-widget-wrap elementor-element-populated\">\n\t\t\t\t\t\t<div class=\"elementor-element elementor-element-38a07a9d elementor-widget elementor-widget-text-editor\" data-id=\"38a07a9d\" data-element_type=\"widget\" data-e-type=\"widget\" data-widget_type=\"text-editor.default\">\n\t\t\t\t<div class=\"elementor-widget-container\">\n\t\t\t\t\t\t\t\t\t<p><img decoding=\"async\" class=\"size-thumbnail wp-image-1225 aligncenter\" src=\"https:\/\/dbs-steinfeld.de\/wp-content\/uploads\/2022\/06\/DBSlogo-150x150.jpg\" alt=\"Informationen zum neuen p\u00e4dagogischen Konzept.\" width=\"150\" height=\"150\" \/><\/p>\n<p>Alle Sch\u00fclerinnen und Sch\u00fcler k\u00f6nnen sich im Rahmen des Ganztagangebots zum Mittagessen in der schuleigenen Mensa anmelden. Hier erfahren Sie f\u00fcr das aktuelle Schuljahr 2023\/24 alle Informationen dazu:<\/p>\n<p><a href=\"https:\/\/dbs-steinfeld.de\/wp-content\/uploads\/2025\/07\/Elterninfo-Mensaessen_2025_26.pdf\">Elterninfo Mensaessen_2025_26<\/a><\/p>\n<p>Die Anmeldeformulare f\u00fcr Ihr Kind k\u00f6nnen Sie hier herunterladen. Die ausgef\u00fcllte Anmeldung muss dann im Sekretariat der Schule abgegeben werden. <strong>Wichtig:<\/strong> Der Erm\u00e4chtigung der Lastschrift <span style=\"text-decoration: underline;\">muss<\/span> die Datenschutzerkl\u00e4rung angeheftet oder auf die R\u00fcckseite kopiert werden!<\/p>\n<p><a href=\"https:\/\/dbs-steinfeld.de\/wp-content\/uploads\/2025\/07\/Anmeldeformular-Mensaessen2025_26.pdf\">Anmeldeformular Mensaessen2025_26<\/a><\/p>\n<p><a href=\"https:\/\/dbs-steinfeld.de\/wp-content\/uploads\/2025\/07\/SEPA-Lastschriftmandat-Mensaessen-2025_26.pdf\">SEPA-Lastschriftmandat Mensaessen 2025_26<\/a><\/p>\n<p>\u00a0<\/p>\n<p>Hier k\u00f6nnen alle Hungrigen schon einmal einen Blick in die Speisepl\u00e4ne werfen:<\/p>\n<p><a href=\"https:\/\/dbs-steinfeld.de\/wp-content\/uploads\/2026\/04\/Mensaplan_April26.pdf\">Mensaplan_April26<\/a><\/p>\n<p><a href=\"https:\/\/dbs-steinfeld.de\/wp-content\/uploads\/2026\/04\/Mensaplan_Mai26.pdf\">Mensaplan_Mai26<\/a><\/p>\n<p><a href=\"https:\/\/dbs-steinfeld.de\/wp-content\/uploads\/2026\/04\/Mensaplan_Juni26.pdf\">Mensaplan_Juni26<\/a><\/p>\n<p><a href=\"https:\/\/dbs-steinfeld.de\/wp-content\/uploads\/2026\/04\/Mensaplan_Juli26.pdf\">Mensaplan_Juli26<\/a><\/p>\n<p><\/p>\n<p><\/p>\t\t\t\t\t\t\t\t<\/div>\n\t\t\t\t<\/div>\n\t\t\t\t\t<\/div>\n\t\t<\/div>\n\t\t\t\t\t<\/div>\n\t\t<\/section>\n\t\t\t\t<\/div>\n\t\t","protected":false},"excerpt":{"rendered":"<p>Mensa der Don-Bosco-Schule Alle Sch\u00fclerinnen und Sch\u00fcler k\u00f6nnen sich im Rahmen des Ganztagangebots zum Mittagessen in der schuleigenen Mensa anmelden. Hier erfahren Sie f\u00fcr das aktuelle Schuljahr 2023\/24 alle Informationen dazu: Elterninfo Mensaessen_2025_26 Die Anmeldeformulare f\u00fcr Ihr Kind k\u00f6nnen Sie hier herunterladen. Die ausgef\u00fcllte Anmeldung muss dann im Sekretariat der Schule abgegeben werden. Wichtig: Der [&hellip;]<\/p>\n","protected":false},"author":1,"featured_media":1225,"parent":0,"menu_order":0,"comment_status":"closed","ping_status":"closed","template":"","meta":{"footnotes":""},"class_list":["post-1256","page","type-page","status-publish","has-post-thumbnail","hentry","entry","has-media"],"_links":{"self":[{"href":"https:\/\/dbs-steinfeld.de\/index.php?rest_route=\/wp\/v2\/pages\/1256","targetHints":{"allow":["GET"]}}],"collection":[{"href":"https:\/\/dbs-steinfeld.de\/index.php?rest_route=\/wp\/v2\/pages"}],"about":[{"href":"https:\/\/dbs-steinfeld.de\/index.php?rest_route=\/wp\/v2\/types\/page"}],"author":[{"embeddable":true,"href":"https:\/\/dbs-steinfeld.de\/index.php?rest_route=\/wp\/v2\/users\/1"}],"replies":[{"embeddable":true,"href":"https:\/\/dbs-steinfeld.de\/index.php?rest_route=%2Fwp%2Fv2%2Fcomments&post=1256"}],"version-history":[{"count":85,"href":"https:\/\/dbs-steinfeld.de\/index.php?rest_route=\/wp\/v2\/pages\/1256\/revisions"}],"predecessor-version":[{"id":3682,"href":"https:\/\/dbs-steinfeld.de\/index.php?rest_route=\/wp\/v2\/pages\/1256\/revisions\/3682"}],"wp:featuredmedia":[{"embeddable":true,"href":"https:\/\/dbs-steinfeld.de\/index.php?rest_route=\/wp\/v2\/media\/1225"}],"wp:attachment":[{"href":"https:\/\/dbs-steinfeld.de\/index.php?rest_route=%2Fwp%2Fv2%2Fmedia&parent=1256"}],"curies":[{"name":"wp","href":"https:\/\/api.w.org\/{rel}","templated":true}]}}