{"id":1026,"date":"2021-12-08T18:03:57","date_gmt":"2021-12-08T17:03:57","guid":{"rendered":"https:\/\/dbs-steinfeld.de\/?page_id=1026"},"modified":"2024-07-31T12:53:16","modified_gmt":"2024-07-31T10:53:16","slug":"vertrauenslehrer","status":"publish","type":"page","link":"https:\/\/dbs-steinfeld.de\/?page_id=1026","title":{"rendered":"Vertrauenslehrer"},"content":{"rendered":"\t\t<div data-elementor-type=\"wp-page\" data-elementor-id=\"1026\" class=\"elementor elementor-1026\">\n\t\t\t\t\t\t<section class=\"elementor-section elementor-top-section elementor-element elementor-element-e3adc12 elementor-section-boxed elementor-section-height-default elementor-section-height-default\" data-id=\"e3adc12\" data-element_type=\"section\" data-e-type=\"section\">\n\t\t\t\t\t\t<div class=\"elementor-container elementor-column-gap-default\">\n\t\t\t\t\t<div class=\"elementor-column elementor-col-100 elementor-top-column elementor-element elementor-element-6a3e17f\" data-id=\"6a3e17f\" data-element_type=\"column\" data-e-type=\"column\">\n\t\t\t<div class=\"elementor-widget-wrap elementor-element-populated\">\n\t\t\t\t\t\t<div class=\"elementor-element elementor-element-cb1f47f elementor-widget elementor-widget-heading\" data-id=\"cb1f47f\" data-element_type=\"widget\" data-e-type=\"widget\" data-widget_type=\"heading.default\">\n\t\t\t\t<div class=\"elementor-widget-container\">\n\t\t\t\t\t<h2 class=\"elementor-heading-title elementor-size-default\">Vertrauenslehrer<\/h2>\t\t\t\t<\/div>\n\t\t\t\t<\/div>\n\t\t\t\t\t<\/div>\n\t\t<\/div>\n\t\t\t\t\t<\/div>\n\t\t<\/section>\n\t\t\t\t<section class=\"elementor-section elementor-top-section elementor-element elementor-element-9a3dfd7 elementor-section-boxed elementor-section-height-default elementor-section-height-default\" data-id=\"9a3dfd7\" data-element_type=\"section\" data-e-type=\"section\">\n\t\t\t\t\t\t<div class=\"elementor-container elementor-column-gap-default\">\n\t\t\t\t\t<div class=\"elementor-column elementor-col-100 elementor-top-column elementor-element elementor-element-67cc900\" data-id=\"67cc900\" data-element_type=\"column\" data-e-type=\"column\">\n\t\t\t<div class=\"elementor-widget-wrap elementor-element-populated\">\n\t\t\t\t\t\t<div class=\"elementor-element elementor-element-84558c3 elementor-widget-divider--view-line elementor-widget elementor-widget-divider\" data-id=\"84558c3\" data-element_type=\"widget\" data-e-type=\"widget\" data-widget_type=\"divider.default\">\n\t\t\t\t<div class=\"elementor-widget-container\">\n\t\t\t\t\t\t\t<div class=\"elementor-divider\">\n\t\t\t<span class=\"elementor-divider-separator\">\n\t\t\t\t\t\t<\/span>\n\t\t<\/div>\n\t\t\t\t\t\t<\/div>\n\t\t\t\t<\/div>\n\t\t\t\t\t<\/div>\n\t\t<\/div>\n\t\t\t\t\t<\/div>\n\t\t<\/section>\n\t\t\t\t<section class=\"elementor-section elementor-top-section elementor-element elementor-element-9eb98c9 elementor-section-boxed elementor-section-height-default elementor-section-height-default\" data-id=\"9eb98c9\" data-element_type=\"section\" data-e-type=\"section\">\n\t\t\t\t\t\t<div class=\"elementor-container elementor-column-gap-default\">\n\t\t\t\t\t<div class=\"elementor-column elementor-col-100 elementor-top-column elementor-element elementor-element-b05782e\" data-id=\"b05782e\" data-element_type=\"column\" data-e-type=\"column\">\n\t\t\t<div class=\"elementor-widget-wrap elementor-element-populated\">\n\t\t\t\t\t\t<div class=\"elementor-element elementor-element-c70c530 elementor-widget elementor-widget-image\" data-id=\"c70c530\" data-element_type=\"widget\" data-e-type=\"widget\" data-widget_type=\"image.default\">\n\t\t\t\t<div class=\"elementor-widget-container\">\n\t\t\t\t\t\t\t\t\t\t\t\t\t\t\t<img fetchpriority=\"high\" decoding=\"async\" width=\"485\" height=\"514\" src=\"https:\/\/dbs-steinfeld.de\/wp-content\/uploads\/2020\/08\/Scan-170609-0003-klein.png\" class=\"attachment-large size-large wp-image-309\" alt=\"\" srcset=\"https:\/\/dbs-steinfeld.de\/wp-content\/uploads\/2020\/08\/Scan-170609-0003-klein.png 485w, https:\/\/dbs-steinfeld.de\/wp-content\/uploads\/2020\/08\/Scan-170609-0003-klein-283x300.png 283w\" sizes=\"(max-width: 485px) 100vw, 485px\" \/>\t\t\t\t\t\t\t\t\t\t\t\t\t\t\t<\/div>\n\t\t\t\t<\/div>\n\t\t\t\t\t<\/div>\n\t\t<\/div>\n\t\t\t\t\t<\/div>\n\t\t<\/section>\n\t\t\t\t<section class=\"elementor-section elementor-top-section elementor-element elementor-element-61c0d07 elementor-section-boxed elementor-section-height-default elementor-section-height-default\" data-id=\"61c0d07\" data-element_type=\"section\" data-e-type=\"section\">\n\t\t\t\t\t\t<div class=\"elementor-container elementor-column-gap-default\">\n\t\t\t\t\t<div class=\"elementor-column elementor-col-100 elementor-top-column elementor-element elementor-element-3cbef6c\" data-id=\"3cbef6c\" data-element_type=\"column\" data-e-type=\"column\">\n\t\t\t<div class=\"elementor-widget-wrap elementor-element-populated\">\n\t\t\t\t\t\t<div class=\"elementor-element elementor-element-bf3a7f2 elementor-widget elementor-widget-text-editor\" data-id=\"bf3a7f2\" data-element_type=\"widget\" data-e-type=\"widget\" data-widget_type=\"text-editor.default\">\n\t\t\t\t<div class=\"elementor-widget-container\">\n\t\t\t\t\t\t\t\t\t<p>Die Vertrauenslehrer werden zu Beginn des Schuljahres von den Klassensprecherinnen und Klassensprechern aller Schuljahrg\u00e4nge gew\u00e4hlt.<\/p><p>Das Vertrauenslehrer f\u00fcr das Schuljahr 2024\/25 sind noch nicht gew\u00e4hlt.<\/p>\t\t\t\t\t\t\t\t<\/div>\n\t\t\t\t<\/div>\n\t\t\t\t\t<\/div>\n\t\t<\/div>\n\t\t\t\t\t<\/div>\n\t\t<\/section>\n\t\t\t\t<\/div>\n\t\t","protected":false},"excerpt":{"rendered":"<p>Vertrauenslehrer Die Vertrauenslehrer werden zu Beginn des Schuljahres von den Klassensprecherinnen und Klassensprechern aller Schuljahrg\u00e4nge gew\u00e4hlt. Das Vertrauenslehrer f\u00fcr das Schuljahr 2024\/25 sind noch nicht gew\u00e4hlt.<\/p>\n","protected":false},"author":1,"featured_media":0,"parent":0,"menu_order":0,"comment_status":"closed","ping_status":"closed","template":"","meta":{"footnotes":""},"class_list":["post-1026","page","type-page","status-publish","hentry","entry"],"_links":{"self":[{"href":"https:\/\/dbs-steinfeld.de\/index.php?rest_route=\/wp\/v2\/pages\/1026","targetHints":{"allow":["GET"]}}],"collection":[{"href":"https:\/\/dbs-steinfeld.de\/index.php?rest_route=\/wp\/v2\/pages"}],"about":[{"href":"https:\/\/dbs-steinfeld.de\/index.php?rest_route=\/wp\/v2\/types\/page"}],"author":[{"embeddable":true,"href":"https:\/\/dbs-steinfeld.de\/index.php?rest_route=\/wp\/v2\/users\/1"}],"replies":[{"embeddable":true,"href":"https:\/\/dbs-steinfeld.de\/index.php?rest_route=%2Fwp%2Fv2%2Fcomments&post=1026"}],"version-history":[{"count":16,"href":"https:\/\/dbs-steinfeld.de\/index.php?rest_route=\/wp\/v2\/pages\/1026\/revisions"}],"predecessor-version":[{"id":2420,"href":"https:\/\/dbs-steinfeld.de\/index.php?rest_route=\/wp\/v2\/pages\/1026\/revisions\/2420"}],"wp:attachment":[{"href":"https:\/\/dbs-steinfeld.de\/index.php?rest_route=%2Fwp%2Fv2%2Fmedia&parent=1026"}],"curies":[{"name":"wp","href":"https:\/\/api.w.org\/{rel}","templated":true}]}}