{"id":100,"date":"2020-07-01T16:14:01","date_gmt":"2020-07-01T14:14:01","guid":{"rendered":"http:\/\/localhost\/dbs-steinfeld\/?page_id=100"},"modified":"2022-08-22T18:12:32","modified_gmt":"2022-08-22T16:12:32","slug":"anmeldebereich","status":"publish","type":"page","link":"https:\/\/dbs-steinfeld.de\/?page_id=100","title":{"rendered":"Schulb\u00fccher"},"content":{"rendered":"\t\t<div data-elementor-type=\"wp-page\" data-elementor-id=\"100\" class=\"elementor elementor-100\">\n\t\t\t\t\t\t<section class=\"elementor-section elementor-top-section elementor-element elementor-element-ab6cb7c elementor-section-boxed elementor-section-height-default elementor-section-height-default\" data-id=\"ab6cb7c\" data-element_type=\"section\" data-e-type=\"section\">\n\t\t\t\t\t\t<div class=\"elementor-container elementor-column-gap-default\">\n\t\t\t\t\t<div class=\"elementor-column elementor-col-100 elementor-top-column elementor-element elementor-element-246e868\" data-id=\"246e868\" data-element_type=\"column\" data-e-type=\"column\">\n\t\t\t<div class=\"elementor-widget-wrap elementor-element-populated\">\n\t\t\t\t\t\t<div class=\"elementor-element elementor-element-47715d2 elementor-widget elementor-widget-heading\" data-id=\"47715d2\" data-element_type=\"widget\" data-e-type=\"widget\" data-widget_type=\"heading.default\">\n\t\t\t\t<div class=\"elementor-widget-container\">\n\t\t\t\t\t<h2 class=\"elementor-heading-title elementor-size-default\">Schulbuchausleihe<\/h2>\t\t\t\t<\/div>\n\t\t\t\t<\/div>\n\t\t\t\t\t<\/div>\n\t\t<\/div>\n\t\t\t\t\t<\/div>\n\t\t<\/section>\n\t\t\t\t<section class=\"elementor-section elementor-top-section elementor-element elementor-element-5c4f6be0 elementor-section-boxed elementor-section-height-default elementor-section-height-default\" data-id=\"5c4f6be0\" data-element_type=\"section\" data-e-type=\"section\">\n\t\t\t\t\t\t<div class=\"elementor-container elementor-column-gap-default\">\n\t\t\t\t\t<div class=\"elementor-column elementor-col-100 elementor-top-column elementor-element elementor-element-7395df6b\" data-id=\"7395df6b\" data-element_type=\"column\" data-e-type=\"column\">\n\t\t\t<div class=\"elementor-widget-wrap elementor-element-populated\">\n\t\t\t\t\t\t<div class=\"elementor-element elementor-element-431e0de6 elementor-widget elementor-widget-text-editor\" data-id=\"431e0de6\" data-element_type=\"widget\" data-e-type=\"widget\" data-widget_type=\"text-editor.default\">\n\t\t\t\t<div class=\"elementor-widget-container\">\n\t\t\t\t\t\t\t\t\t\n<p>Ab dem Schuljahr 2022\/23 erfolgt die Schulbuchausleihe ausschlie\u00dflich \u00fcber das Schulnetzwerk Iserv. Hier finden Sie Anleitungen f\u00fcr die jeweiligen Schuljahrg\u00e4nge und ein Erkl\u00e4rvideo.<\/p>\n\n\n\n<p><\/p>\n\n\n\n<p><\/p>\n\n\n\n<p><strong>Anleitung kommender Schuljahrgang 5:<\/strong><\/p>\n\n\n\n<div data-wp-interactive=\"core\/file\" class=\"wp-block-file\"><object data-wp-bind--hidden=\"!state.hasPdfPreview\" hidden class=\"wp-block-file__embed\" data=\"https:\/\/dbs-steinfeld.de\/wp-content\/uploads\/2022\/06\/Anleitung-zur-Anmeldung-bei-der-Schulbuchausleihe-Klasse-5.pdf\" type=\"application\/pdf\" style=\"width:100%;height:600px\" aria-label=\"Einbettung von Einbettung von Anleitung zur Anmeldung bei der Schulbuchausleihe Klasse 5..\"><\/object><a id=\"wp-block-file--media-f8d33e7c-6f58-4f64-bc7d-c35e8f7ea69b\" href=\"https:\/\/dbs-steinfeld.de\/wp-content\/uploads\/2022\/06\/Anleitung-zur-Anmeldung-bei-der-Schulbuchausleihe-Klasse-5.pdf\">Anleitung zur Anmeldung bei der Schulbuchausleihe Klasse 5<\/a><a href=\"https:\/\/dbs-steinfeld.de\/wp-content\/uploads\/2022\/06\/Anleitung-zur-Anmeldung-bei-der-Schulbuchausleihe-Klasse-5.pdf\" class=\"wp-block-file__button\" download aria-describedby=\"wp-block-file--media-f8d33e7c-6f58-4f64-bc7d-c35e8f7ea69b\">Herunterladen<\/a><\/div>\n\n\n\n<p><\/p>\n\n\n\n<p><\/p>\n\n\n\n<p><strong>Anleitung Schuljahrg\u00e4nge 6-10:<\/strong><\/p>\n\n\n\n<div data-wp-interactive=\"core\/file\" class=\"wp-block-file\"><object data-wp-bind--hidden=\"!state.hasPdfPreview\" hidden class=\"wp-block-file__embed\" data=\"https:\/\/dbs-steinfeld.de\/wp-content\/uploads\/2022\/06\/Anleitung-zur-Anmeldung-bei-der-Schulbuchausleihe-Klasse-6-10.pdf\" type=\"application\/pdf\" style=\"width:100%;height:600px\" aria-label=\"Einbettung von Einbettung von Anleitung zur Anmeldung bei der Schulbuchausleihe Klasse 6-10..\"><\/object><a id=\"wp-block-file--media-a4a61efb-7ab1-42b3-b62d-871b89469f96\" href=\"https:\/\/dbs-steinfeld.de\/wp-content\/uploads\/2022\/06\/Anleitung-zur-Anmeldung-bei-der-Schulbuchausleihe-Klasse-6-10.pdf\">Anleitung zur Anmeldung bei der Schulbuchausleihe Klasse 6-10<\/a><a href=\"https:\/\/dbs-steinfeld.de\/wp-content\/uploads\/2022\/06\/Anleitung-zur-Anmeldung-bei-der-Schulbuchausleihe-Klasse-6-10.pdf\" class=\"wp-block-file__button\" download aria-describedby=\"wp-block-file--media-a4a61efb-7ab1-42b3-b62d-871b89469f96\">Herunterladen<\/a><\/div>\n\n\n\n<p><\/p>\n\n\n\n<p><\/p>\n\n\n\n<p><strong>Hier finden Sie eine allgemeine Anleitung zur Schulbuchausleihe mit Iserv in einem Erkl\u00e4rvideo:<\/strong><\/p>\n\n\n<div  id=\"_ytid_51309\" class=\"__youtube_prefs__  __youtube_prefs_gdpr__ \" allowfullscreen data-no-lazy=\"1\" data-skipgform_ajax_framebjll=\"\"><p><strong>Um dieses Video spielen zu k\u00f6nnen, m\u00fcssen Sie\u00a0den YouTubeCookies zustimmen.<\/strong><\/p>\n<p>Mit dem Akzeptieren werden Sie auf Inhalte von YouTube zugreifen, die von einem externen Dritten angeboten werden.<\/p>\n<p><a href=\"https:\/\/policies.google.com\/privacy\" target=\"_blank\" rel=\"noopener\">YouTube Datenschutzerkl\u00e4rung<\/a><\/p>\n<p>Wenn Sie diesen Hinweis akzeptieren, wird Ihre Auswahl gespeichert und die Seite neu geladen.<\/p>\n<button type=\"button\" class=\"__youtube_prefs_gdpr__\">Akzeptieren des YouTube Contents<img decoding=\"async\" src=\"https:\/\/dbs-steinfeld.de\/wp-content\/plugins\/youtube-embed-plus\/images\/icon-check.png\" alt=\"accept\" data-no-lazy=\"1\" data-skipgform_ajax_framebjll=\"\" \/><\/button><\/div>\t\t\t\t\t\t\t\t<\/div>\n\t\t\t\t<\/div>\n\t\t\t\t\t<\/div>\n\t\t<\/div>\n\t\t\t\t\t<\/div>\n\t\t<\/section>\n\t\t\t\t<\/div>\n\t\t","protected":false},"excerpt":{"rendered":"<p>Schulbuchausleihe Ab dem Schuljahr 2022\/23 erfolgt die Schulbuchausleihe ausschlie\u00dflich \u00fcber das Schulnetzwerk Iserv. Hier finden Sie Anleitungen f\u00fcr die jeweiligen Schuljahrg\u00e4nge und ein Erkl\u00e4rvideo. Anleitung kommender Schuljahrgang 5: Anleitung Schuljahrg\u00e4nge 6-10: Hier finden Sie eine allgemeine Anleitung zur Schulbuchausleihe mit Iserv in einem Erkl\u00e4rvideo:<\/p>\n","protected":false},"author":1,"featured_media":0,"parent":0,"menu_order":0,"comment_status":"closed","ping_status":"closed","template":"","meta":{"footnotes":""},"class_list":["post-100","page","type-page","status-publish","hentry","entry"],"_links":{"self":[{"href":"https:\/\/dbs-steinfeld.de\/index.php?rest_route=\/wp\/v2\/pages\/100","targetHints":{"allow":["GET"]}}],"collection":[{"href":"https:\/\/dbs-steinfeld.de\/index.php?rest_route=\/wp\/v2\/pages"}],"about":[{"href":"https:\/\/dbs-steinfeld.de\/index.php?rest_route=\/wp\/v2\/types\/page"}],"author":[{"embeddable":true,"href":"https:\/\/dbs-steinfeld.de\/index.php?rest_route=\/wp\/v2\/users\/1"}],"replies":[{"embeddable":true,"href":"https:\/\/dbs-steinfeld.de\/index.php?rest_route=%2Fwp%2Fv2%2Fcomments&post=100"}],"version-history":[{"count":6,"href":"https:\/\/dbs-steinfeld.de\/index.php?rest_route=\/wp\/v2\/pages\/100\/revisions"}],"predecessor-version":[{"id":1254,"href":"https:\/\/dbs-steinfeld.de\/index.php?rest_route=\/wp\/v2\/pages\/100\/revisions\/1254"}],"wp:attachment":[{"href":"https:\/\/dbs-steinfeld.de\/index.php?rest_route=%2Fwp%2Fv2%2Fmedia&parent=100"}],"curies":[{"name":"wp","href":"https:\/\/api.w.org\/{rel}","templated":true}]}}